{"id":277,"date":"2020-06-19T21:16:39","date_gmt":"2020-06-19T21:16:39","guid":{"rendered":"https:\/\/patrick-nepper.de\/?page_id=277"},"modified":"2022-02-19T21:59:16","modified_gmt":"2022-02-19T21:59:16","slug":"anfragen","status":"publish","type":"page","link":"https:\/\/patrick-nepper.de\/?page_id=277","title":{"rendered":"Anfragen"},"content":{"rendered":"\n<p>Neben den <a href=\"https:\/\/patrick-nepper.de\/?cat=23\">Sachantr\u00e4gen<\/a>, habe ich bisher in der Stadtratsperiode 2020-2026 folgende Anfragen an die Verwaltung gerichtet:<\/p>\n\n\n\n<p>2. November 2021 [verbal]<\/p>\n\n\n\n<blockquote class=\"wp-block-quote\"><p>Dr. Patrick Nepper (Gr\u00fcne) sagte, <strong>dass durch den neuen Kindergarten und die Kita \u00bbHimmelszelt\u00ab an der Vonfichtstra\u00dfe<\/strong> \u00bbein Effekt\u00ab eingetreten sei. Die Eltern w\u00fcrden mit ihren Kindern hin und her m\u00fcssen. Die \u00e4lteren Kinder w\u00fcrden zum Kindergarten gebracht, die j\u00fcngeren zur Krippe. \u00bbDort ist sehr viel Verkehr und die Kita &#8218;Himmelszelt&#8216; liegt direkt in einer Kurve\u00ab, sagte Nepper. <strong>Er fragte, ob es nicht m\u00f6glich w\u00e4re, dort einen Zebrastreifen zu errichten.<\/strong><\/p><cite><em>2. November 2021 &#8211; <a href=\"https:\/\/www.traunsteiner-tagblatt.de\/region\/landkreis-traunstein\/traunstein_artikel,-traunsteiner-stadtraete-sprachen-verschiedene-problemstellen-zum-ueberqueren-der-strasse-an-_arid,662484.html\">https:\/\/www.traunsteiner-tagblatt.de\/region\/landkreis-traunstein\/traunstein_artikel,-traunsteiner-stadtraete-sprachen-verschiedene-problemstellen-zum-ueberqueren-der-strasse-an-_arid,662484.html<\/a><\/em><\/cite><\/blockquote>\n\n\n\n<p>28. Juni 2021 [verbal und schriftlich]<\/p>\n\n\n\n<blockquote class=\"wp-block-quote\"><p>Dr. Patrick Nepper (B\u00fcndnis 90\/Die Gr\u00fcnen) regte an, <strong>an der Kardinal-Faulhaber-Stra\u00dfe zur Abgrenzung der von vielen Spazierg\u00e4ngern gerne aufgesuchten Gr\u00fcnfl\u00e4che wieder eine Hecke anzupflanzen<\/strong>. Seinen Angaben zufolge stehen dort immer wieder Autos in der Wiese.<\/p><cite>28. Juni 2021 &#8211; <a href=\"https:\/\/www.traunsteiner-tagblatt.de\/region\/landkreis-traunstein\/traunstein_artikel,-schueler-nutzen-weckerlestrasse-als-gehweg-_arid,640158.html\">https:\/\/www.traunsteiner-tagblatt.de\/region\/landkreis-traunstein\/traunstein_artikel,-schueler-nutzen-weckerlestrasse-als-gehweg-_arid,640158.html<\/a><\/cite><\/blockquote>\n\n\n\n<p>Antwort: Die Verwaltung legte Baumst\u00e4mme als Begrenzung aus. Optisch nicht so ansprechend wie eine Heckenbepflanzung, aber das Parken in der Gr\u00fcnfl\u00e4che wird dadurch vermieden.<\/p>\n\n\n\n<p>28. Juni 2021 [verbal und Vororttermin]<\/p>\n\n\n\n<blockquote class=\"wp-block-quote\"><p>Nepper berichtete auch, dass die Innstra\u00dfe zunehmend als Schleichweg betrachtet werde. Auto- und Lastwagenfahrer seien immer wieder zu schnell unterwegs und gef\u00e4hrdeten andere. Zu er\u00f6rtern sei die Frage, ob die Stadt die Durchfahrt von Lastwagen verbietet und nur noch den Anliegern die Zufahrt mit den Autos erlaubt.\u00a0<\/p><cite>28. Juni 2021 &#8211; <a href=\"https:\/\/www.traunsteiner-tagblatt.de\/region\/landkreis-traunstein\/traunstein_artikel,-schueler-nutzen-weckerlestrasse-als-gehweg-_arid,640158.html\">https:\/\/www.traunsteiner-tagblatt.de\/region\/landkreis-traunstein\/traunstein_artikel,-schueler-nutzen-weckerlestrasse-als-gehweg-_arid,640158.html<\/a><\/cite><\/blockquote>\n\n\n\n<p>Antwort: Die Verwaltung markierte <a href=\"https:\/\/www.traunsteiner-tagblatt.de\/region\/landkreis-traunstein\/traunstein_artikel,-verkehrsberuhigung-haifischzaehne-in-der-innstrasse-_arid,664057.html\">Haifischz\u00e4hne<\/a>.<\/p>\n\n\n\n<p>28. Juni 2021<\/p>\n\n\n\n<blockquote class=\"wp-block-quote\"><p>Und noch eine Verkehrsbeobachtung stellte Nepper zur Debatte: <strong>Die Kardinal-Faulhaber-Stra\u00dfe sei stark befahren \u2013 nicht zuletzt auch von Baufahrzeugen, die dann in der Fr\u00fch Eltern und Kindern in die Quere kommen. <\/strong>H\u00fcmmer sagte, die Frage einer Hecke zu er\u00f6rtern: \u00bbDas schauen wir uns an.\u00ab Er stimmte mit Nepper darin \u00fcberein, dass die Innstra\u00dfe ein Schleichweg sei. \u00dcber eine Beschr\u00e4nkung des Verkehrs sei nachzudenken. Und mit Blick auf den Verkehr auf der Kardinal-Faulhaber-Stra\u00dfe sagte der Rathauschef, er werde die Verwaltung anweisen, den Baufirmen nahezulegen, dass sie sich in der Zeit zwischen 6.30 und 8 Uhr zur\u00fcckhalten und Bauma\u00dfnahmen sp\u00e4ter anfangen.<\/p><cite>28. Juni 2021 &#8211; <a href=\"https:\/\/www.traunsteiner-tagblatt.de\/region\/landkreis-traunstein\/traunstein_artikel,-schueler-nutzen-weckerlestrasse-als-gehweg-_arid,640158.html\">https:\/\/www.traunsteiner-tagblatt.de\/region\/landkreis-traunstein\/traunstein_artikel,-schueler-nutzen-weckerlestrasse-als-gehweg-_arid,640158.html<\/a><\/cite><\/blockquote>\n\n\n\n<p>28. Mai 2020 [verbal]<\/p>\n\n\n\n<p>Anfrage an OB, wie der <strong>Stand bei der Einstellung eine*r Klimamanager*in<\/strong> ist, und wie es mit der <strong>Umsetzung des Stadtratsbeschlusses<\/strong> aus dem Oktober 2019 aussieht, der eine <strong>Bewertung aller Stadtratsvorlagen nach Klimaaspekten<\/strong> vorsieht.<\/p>\n\n\n\n<p>Antwort: <a href=\"https:\/\/www.traunstein.de\/stadt-buerger\/aktuelles\/nachrichten-aus-der-stadt-traunstein\/stadtverwaltung-ruestet-sich-fuer-die-zukunft\/\">Zum 1. Juli 2020<\/a> wird die Stelle des Klimamanagers mit Klaus Hechfellner besetzt.<\/p>\n\n\n\n<p>27. Mai 2020 [email]<\/p>\n\n\n\n<p>Anfrage an OB, wie der <strong>Stand bei der Einstellung eine*r Klimamanager*in<\/strong> ist, da sich eine Nachhaltigkeitsmanagerin f\u00fcr die Position interessiert.<\/p>\n\n\n\n<p>20. Mai 2020 [verbal]<\/p>\n\n\n\n<p>Anfrage an OB, ob es m\u00f6glich w\u00e4re, dass das <strong>Ordnungsamt die Gastronomiebetriebe in der Innenstadt pers\u00f6nlich aufsucht<\/strong> um sie bzgl. der M\u00f6glichkeit erweiterter Freischankfl\u00e4chen im \u00f6ffentlichen Raum (Covid-19 Ma\u00dfnahme) zu beraten. Rosenheim tut dies bereis.<\/p>\n","protected":false},"excerpt":{"rendered":"<p>Neben den Sachantr\u00e4gen, habe ich bisher in der Stadtratsperiode 2020-2026 folgende Anfragen an die Verwaltung gerichtet: 2. November 2021 [verbal] Dr. Patrick Nepper (Gr\u00fcne) sagte, dass durch den neuen Kindergarten&#8230; <\/p>\n","protected":false},"author":1,"featured_media":0,"parent":260,"menu_order":0,"comment_status":"closed","ping_status":"closed","template":"","meta":[],"_links":{"self":[{"href":"https:\/\/patrick-nepper.de\/index.php?rest_route=\/wp\/v2\/pages\/277"}],"collection":[{"href":"https:\/\/patrick-nepper.de\/index.php?rest_route=\/wp\/v2\/pages"}],"about":[{"href":"https:\/\/patrick-nepper.de\/index.php?rest_route=\/wp\/v2\/types\/page"}],"author":[{"embeddable":true,"href":"https:\/\/patrick-nepper.de\/index.php?rest_route=\/wp\/v2\/users\/1"}],"replies":[{"embeddable":true,"href":"https:\/\/patrick-nepper.de\/index.php?rest_route=%2Fwp%2Fv2%2Fcomments&post=277"}],"version-history":[{"count":4,"href":"https:\/\/patrick-nepper.de\/index.php?rest_route=\/wp\/v2\/pages\/277\/revisions"}],"predecessor-version":[{"id":306,"href":"https:\/\/patrick-nepper.de\/index.php?rest_route=\/wp\/v2\/pages\/277\/revisions\/306"}],"up":[{"embeddable":true,"href":"https:\/\/patrick-nepper.de\/index.php?rest_route=\/wp\/v2\/pages\/260"}],"wp:attachment":[{"href":"https:\/\/patrick-nepper.de\/index.php?rest_route=%2Fwp%2Fv2%2Fmedia&parent=277"}],"curies":[{"name":"wp","href":"https:\/\/api.w.org\/{rel}","templated":true}]}}