{"id":16,"date":"2019-02-09T20:20:11","date_gmt":"2019-02-09T20:20:11","guid":{"rendered":"http:\/\/patrick-nepper.de\/?page_id=16"},"modified":"2019-07-11T20:03:39","modified_gmt":"2019-07-11T20:03:39","slug":"datenschutzerklaerung","status":"publish","type":"page","link":"https:\/\/patrick-nepper.de\/?page_id=16","title":{"rendered":"Datenschutzerkl\u00e4rung"},"content":{"rendered":"\n<h2>\u00dcber diese Seite<\/h2>\n\n\n\n<p>Die Adresse dieser Website lautet: https:\/\/patrick-nepper.de.<\/p>\n\n\n\n<h2>Welche personenbezogenen Daten wir sammeln und warum wir sie sammeln<\/h2>\n\n\n\n<h3>Kommentare<\/h3>\n\n\n\n<p>Wenn Besucher Kommentare auf der Website schreiben, sammeln wir die Daten, die im Kommentar-Formular angezeigt werden, au\u00dferdem die IP-Adresse des Besuchers und den User-Agent-String (damit wird der Browser identifiziert), um die Erkennung von Spam zu unterst\u00fctzen.<\/p>\n\n\n\n<p>Aus deiner E-Mail-Adresse kann eine anonymisierte Zeichenfolge erstellt (auch Hash genannt) und dem Gravatar-Dienst \u00fcbergeben werden, um zu pr\u00fcfen, ob du diesen benutzt. Die Datenschutzerkl\u00e4rung des Gravatar-Dienstes findest du hier: https:\/\/automattic.com\/privacy\/. Nachdem dein Kommentar freigegeben wurde, ist dein Profilbild \u00f6ffentlich im Kontext deines Kommentars sichtbar.<\/p>\n\n\n\n<h3>Medien<\/h3>\n\n\n\n<p>Wenn du ein registrierter Benutzer bist und Fotos auf diese Website l\u00e4dst, solltest du vermeiden, Fotos mit einem EXIF-GPS-Standort hochzuladen. Besucher dieser Website k\u00f6nnten Fotos, die auf dieser Website gespeichert sind, herunterladen und deren Standort-Informationen extrahieren.<\/p>\n\n\n\n<h3>Kontaktformulare<\/h3>\n\n\n\n<h3>Cookies<\/h3>\n\n\n\n<p>Wenn du einen Kommentar auf unserer Website schreibst, kann das eine Einwilligung sein, deinen Namen, E-Mail-Adresse und Website in Cookies zu speichern. Dies ist eine Komfortfunktion, damit du nicht, wenn du einen weiteren Kommentar schreibst, all diese Daten erneut eingeben musst. Diese Cookies werden ein Jahr lang gespeichert.<\/p>\n\n\n\n<p>Falls du ein Konto hast und dich auf dieser Website anmeldest, werden wir ein tempor\u00e4res Cookie setzen, um festzustellen, ob dein Browser Cookies akzeptiert. Dieses Cookie enth\u00e4lt keine personenbezogenen Daten und wird verworfen, wenn du deinen Browser schlie\u00dft.<\/p>\n\n\n\n<p>Wenn du dich anmeldest, werden wir einige Cookies einrichten, um deine Anmeldeinformationen und Anzeigeoptionen zu speichern. Anmelde-Cookies verfallen nach zwei Tagen und Cookies f\u00fcr die Anzeigeoptionen nach einem Jahr. Falls du bei der Anmeldung \u201eAngemeldet bleiben\u201c ausw\u00e4hlst, wird deine Anmeldung zwei Wochen lang aufrechterhalten. Mit der Abmeldung aus deinem Konto werden die Anmelde-Cookies gel\u00f6scht.<\/p>\n\n\n\n<p>Wenn du einen Artikel bearbeitest oder ver\u00f6ffentlichst, wird ein zus\u00e4tzlicher Cookie in deinem Browser gespeichert. Dieser Cookie enth\u00e4lt keine personenbezogenen Daten und verweist nur auf die Beitrags-ID des Artikels, den du gerade bearbeitet hast. Der Cookie verf\u00e4llt nach einem Tag.<\/p>\n\n\n\n<h3>Eingebettete Inhalte von anderen Websites<\/h3>\n\n\n\n<p>Beitr\u00e4ge auf dieser Website k\u00f6nnen eingebettete Inhalte beinhalten (z.&nbsp;B. Videos, Bilder, Beitr\u00e4ge etc.). Eingebettete Inhalte von anderen Websites verhalten sich exakt so, als ob der Besucher die andere Website besucht h\u00e4tte.<\/p>\n\n\n\n<p>Diese Websites k\u00f6nnen Daten \u00fcber dich sammeln, Cookies benutzen, zus\u00e4tzliche Tracking-Dienste von Dritten einbetten und deine Interaktion mit diesem eingebetteten Inhalt aufzeichnen, inklusive deiner Interaktion mit dem eingebetteten Inhalt, falls du ein Konto hast und auf dieser Website angemeldet bist.<\/p>\n\n\n\n<h3>Analysedienste<\/h3>\n\n\n\n<h2>Mit wem wir deine Daten teilen<\/h2>\n\n\n\n<h2>Wie lange wir deine Daten speichern<\/h2>\n\n\n\n<p>Wenn du einen Kommentar schreibst, wird dieser inklusive Metadaten zeitlich unbegrenzt gespeichert. Auf diese Art k\u00f6nnen wir Folgekommentare automatisch erkennen und freigeben, anstelle sie in einer Moderations-Warteschlange festzuhalten.<\/p>\n\n\n\n<p>F\u00fcr Benutzer, die sich auf unserer Website registrieren, speichern wir zus\u00e4tzlich die pers\u00f6nlichen Informationen, die sie in ihren Benutzerprofilen angeben. Alle Benutzer k\u00f6nnen jederzeit ihre pers\u00f6nlichen Informationen einsehen, ver\u00e4ndern oder l\u00f6schen (der Benutzername kann nicht ver\u00e4ndert werden). Administratoren der Website k\u00f6nnen diese Informationen ebenfalls einsehen und ver\u00e4ndern.<\/p>\n\n\n\n<h2>Welche Rechte du an deinen Daten hast<\/h2>\n\n\n\n<p>Wenn du ein Konto auf dieser Website besitzt oder Kommentare geschrieben hast, kannst du einen Export deiner personenbezogenen Daten bei uns anfordern, inklusive aller Daten, die du uns mitgeteilt hast. Dar\u00fcber hinaus kannst du die L\u00f6schung aller personenbezogenen Daten, die wir von dir gespeichert haben, anfordern. Dies umfasst nicht die Daten, die wir aufgrund administrativer, rechtlicher oder sicherheitsrelevanter Notwendigkeiten aufbewahren m\u00fcssen.<\/p>\n\n\n\n<h2>Wohin wir deine Daten senden<\/h2>\n\n\n\n<p>Besucher-Kommentare k\u00f6nnten von einem automatisierten Dienst zur Spam-Erkennung untersucht werden.<\/p>\n\n\n\n<h2>Weitere Informationen<\/h2>\n\n\n\n<h3>Facebook<\/h3>\n\n\n\n<h4>Vorwort<\/h4>\n\n\n\n<p>Wir freuen uns \u00fcber Ihren Besuch auf der von uns betriebenen Seite <a href=\"https:\/\/www.facebook.com\/patrick.nepper\">https:\/\/www.facebook.com\/patrick.nepper<\/a> (im Folgenden \u201eFacebook-Seite\u201d) und informieren Sie in dieser Datenschutzerkl\u00e4rung dar\u00fcber, wie personenbezogene Daten im Zusammenhang mit dem Besuch oder Interaktionen mit unserer Facebook-Seite oder ihren Inhalten verarbeitet werden. Personenbezogene Daten sind alle Informationen, die sich auf eine identifizierte oder identifizierbare nat\u00fcrliche Person (im Folgenden \u201ebetroffene Person\u201c) beziehen.<\/p>\n\n\n\n<h4>Verantwortliche<\/h4>\n\n\n\n<p>Ein f\u00fcr die Verarbeitung Verantwortlicher ist die nat\u00fcrliche oder juristische Person, die allein oder gemeinsam mit anderen \u00fcber die Zwecke und Mittel der Verarbeitung von personenbezogenen Daten entscheidet. Legen zwei oder mehr Verantwortliche gemeinsam die Zwecke der und die Mittel zur Verarbeitung fest, so sind sie gemeinsam Verantwortliche.<\/p>\n\n\n\n<p>Wenn Sie \u00fcber unsere Facebook-Seite personenbezogene Daten an uns \u00fcbermitteln und wir allein \u00fcber die Zwecke und Mittel der Verarbeitung entscheiden, ist<\/p>\n\n\n\n<p>Dr. Patrick Nepper (im Folgenden \u201ewir\u201d, \u201euns\u201d, \u201eSeiten-Verantwortlicher\u201d)<br>Uhlandstr. 16<br>83278 Traunstein<br>patrick.nepper@gruene-traunstein.de<\/p>\n\n\n\n<p>alleinige Verantwortliche f\u00fcr die Verarbeitung.<\/p>\n\n\n\n<p>Soweit im Zusammenhang mit unserer Facebook-Seite personenbezogene Daten verarbeitet werden und Facebook allein \u00fcber die Zwecke und Mittel der Verarbeitung entscheidet, ist <\/p>\n\n\n\n<p>Facebook Ireland Limited (im Folgenden \u201eFacebook Ireland\u201c)<br>4 Grand Canal Square<br>Grand Canal Harbour<br>Dublin 2<br>Ireland<\/p>\n\n\n\n<p>alleinige Verantwortliche f\u00fcr die Verarbeitung.<\/p>\n\n\n\n<p>Soweit im Zusammenhang mit unserer Facebook-Seite oder mit ihren Inhalten personenbezogene Daten von Facebook-Ireland und uns verarbeitet werden und wir einen Beitrag zur Entscheidung \u00fcber die Zwecke und Mittel dieser Verarbeitung leisten, sind Facebook Ireland und wir iSd Art. 26 Abs. 1 S.1 DS-GVO und nach Ma\u00dfgabe der Entscheidung des Europ\u00e4ischen Gerichtshofs vom <a href=\"http:\/\/curia.europa.eu\/juris\/document\/document.jsf?text=&amp;docid=202543&amp;pageIndex=0&amp;doclang=DE&amp;mode=req&amp;dir=&amp;occ=first&amp;part=1&amp;cid=298398\">5. Juni 2018<\/a> gemeinsam Verantwortliche f\u00fcr die Verarbeitung.<\/p>\n\n\n\n<p>Wir gehen davon aus, dass sich die Reichweite der gemeinsamen Verantwortung ausschlie\u00dflich auf die Verarbeitung sog. \u201eInsights-Daten\u201d erstreckt.<\/p>\n\n\n\n<p>\u201eInsights-Daten\u201d sind dabei personenbezogene Daten unter der DS-GVO, die im Zusammenhang mit einem Besuch auf oder einer Interaktion von Personen mit einer Seite und deren Inhalten erhoben und verarbeitet werden, soweit dies<\/p>\n\n\n\n<ul><li>unter dem Einfluss und der Kontrolle des Seiten-Verantwortlichen<\/li><li>zum Zwecke der Erstellung und Auswertung von \u201eSeiten-Insights\u201d erfolgt. <\/li><\/ul>\n\n\n\n<p>\u201eSeiten-Insights\u201d sind dabei Statistiken, die Facebook Ireland dem SeitenVerantwortlichen zur Verf\u00fcgung stellt (im Folgenden \u201eSeitenstatistiken\u201d) .<\/p>\n\n\n\n<p>Facebook Ireland und wir haben in der <a href=\"https:\/\/www.facebook.com\/legal\/terms\/page_controller_addendum\">Seiten-Insights-Erg\u00e4nzung bez\u00fcglich des Verantwortlichen<\/a> (im Folgenden \u201eVereinbarung bez\u00fcglich des Verantwortlichen\u201d) iSd Art. 26 Abs. 1 S. 2 DSGVO festgelegt, dass Facebook Ireland in Bezug auf die Verarbeitung von Insights-Daten die prim\u00e4re Verantwortung f\u00fcr die Erf\u00fcllung s\u00e4mtlicher Pflichten und insbesondere f\u00fcr die Wahrnehmung der Betroffenenrechte gem\u00e4\u00df der DSGVO \u00fcbernimmt. Die Vereinbarung bez\u00fcglich des Verantwortlichen erg\u00e4nzt die <a href=\"https:\/\/www.facebook.com\/policies\/pages_groups_events\">Richtlinien f\u00fcr Seiten, Gruppen und Veranstaltungen<\/a> und die <a href=\"https:\/\/www.facebook.com\/legal\/terms\">Nutzungsbedingungen<\/a>, denen wir im Rahmen des Betriebs unserer Facebook-Seite zugestimmt haben. Der Vereinbarung bez\u00fcglich des Verantwortlichen stimmen wir durch den Betrieb unserer Facebook-Seite konkludent zu.<\/p>\n\n\n\n<h4>Datenschutzbeauftragter<\/h4>\n\n\n\n<p>Wir sind nicht dazu verpflichtet einen Datenschutzbeauftragten zu benennen. Den Datenschutzbeauftragten von Facebook Ireland k\u00f6nnen Sie \u00fcber das auf der Plattform Facebook bereitgestellte <a href=\"https:\/\/www.facebook.com\/help\/contact\/540977946302970\">Online-Kontaktformular<\/a> kontaktieren.<\/p>\n\n\n\n<h4>Umfang der Verarbeitung personenbezogener Daten<\/h4>\n\n\n\n<h5>Informationen zur Datenverarbeitung durch Facebook Ireland<\/h5>\n\n\n\n<p>Die <a href=\"https:\/\/de-de.facebook.com\/full_data_use_policy\">Datenrichtlinie<\/a> von Facebook Ireland nennt die Kategorien<br>personenbezogener Daten, die bei der Nutzung von <a href=\"https:\/\/www.facebook.com\/help\/1561485474074139?ref=dp\">Facebook-Produkten<\/a><br>verarbeitet werden (siehe I.), beschreibt in allgemeiner Form die Zwecke zu denen diese Daten verwendet werden (siehe II.) und nennt die Kategorien von Empf\u00e4ngern, denen diese Daten zug\u00e4nglich gemacht werden k\u00f6nnen (siehe III., IV. und VIII.). Unter dem angegebenen Link zur Datenrichtlinie finden Sie auch Informationen \u00fcber die Rechtsgrundlage der Verarbeitung dieser Daten (siehe V.) und Informationen dazu, wie Sie eine erfolgte Einwilligung bez\u00fcglich der Verarbeitung personenbezogener Daten widerrufen k\u00f6nnen. Weitere Informationen zur jeweiligen Rechtsgrundlage finden Sie <a href=\"https:\/\/www.facebook.com\/about\/privacy\/legal_bases\">hier<\/a>. In der Datenrichtlinie finden Sie Informationen dar\u00fcber, wie Sie Ihre Rechte auf Auskunft, Berichtigung, \u00dcbertragbarkeit und L\u00f6schung gegen\u00fcber Facebook Ireland aus\u00fcben k\u00f6nnen (siehe VI.). Unter diesem Punkt finden Sie auch Informationen \u00fcber Ihr Widerspruchsrecht gegen bestimmte Verarbeitungen personenbezogener Daten. N\u00e4here Informationen zum Widerspruchsrecht finden Sie in diesem <a href=\"https:\/\/www.facebook.com\/help\/2069235856423257\">Hilfe-Artikel<\/a>. In der Datenrichtlinie finden Sie auch Informationen \u00fcber die Dauer, f\u00fcr die personenbezogene Daten gespeichert werden und Informationen \u00fcber die Kriterien bez\u00fcglich der Festlegung dieser Dauer (siehe VII.). Die Datenrichtlinie verweist auf die Absicht von Facebook Ireland, Daten auf Grundlage der von der Europ\u00e4ischen Kommission erlassenen <a href=\"https:\/\/ec.europa.eu\/info\/law\/law-topic\/data-protection\/data-transfers-outside-eu\/adequacy-protection-personal-data-non-eu-countries_en\">Angemessenheitsbeschl\u00fcsse<\/a> ggf. auch an Drittl\u00e4nder zu \u00fcbermitteln (siehe IX.). Das US-amerikanische Unternehmen Facebook Inc., der Facebook Ireland angeh\u00f6rt, ist unter dem EU-US Privacy Shield zertifiziert. Den Status dieser Zertifizierung k\u00f6nnen sie <a href=\"https:\/\/www.privacyshield.gov\/participant?id=a2zt0000000GnywAAC\">hier<\/a> einsehen.<\/p>\n\n\n\n<h5>Informationen zur Verwendung von Cookies durch Facebook Ireland<\/h5>\n\n\n\n<p>Wenn Sie unsere Facebook-Seite besuchen und ihr Browser die Speicherung von Cookies erlaubt, speichert Facebook Ireland Informationen in Form von kleinen Textdateien im Speicher Ihres Browsers (im Folgenden \u201eCookies\u201d) und kann auf diese Informationen beim Besuch der Plattform Facebook oder einer Webseite, die Facebook-Technologien einbindet, zugreifen. N\u00e4here Informationen zum Zweck der eingesetzten Cookies, zur Einbindung dieser Cookies durch andere Webseiten und zu Ihren diesbez\u00fcglichen Kontrollm\u00f6glichkeiten finden Sie in der <a href=\"https:\/\/www.facebook.com\/policy\/cookies\/printable\">Cookie-Richtlinie<\/a> von Facebook Ireland. Eine detaillierte \u00dcbersicht, der durch Facebook Ireland verwendeten Cookies ist in der verlinkten Cookie-Richtlinie durch einen Klick auf den dortigen Link \u201eCookies\u201d unter dem Punkt \u201eWarum verwenden wir Cookies?\u201d verf\u00fcgbar.<\/p>\n\n\n\n<p>Wir m\u00f6chten sie darauf hinweisen, dass Facebook Ireland mittels der verwendeten Cookies dazu in der Lage ist, Ihr Nutzerverhalten (bei angemeldeten Nutzern ger\u00e4te\u00fcbergreifend) auch jenseits der Plattform Facebook auf anderen Webseiten nachzuvollziehen. Dies gilt sowohl f\u00fcr bei der Plattform Facebook registrierte als auch f\u00fcr dort nicht registrierte Personen. Insbesondere werden Informationen \u00fcber Sie an Facebook Ireland \u00fcbermittelt, wenn Sie Webseiten besuchen, die einen \u201eGef\u00e4llt mir\u201c-Button einbinden. Wir m\u00f6chten Sie zudem darauf hinweisen, dass wir keinen Einfluss auf die im Zusammenhang mit Cookies erfolgte Datenverarbeitung durch Facebook Ireland haben. Der Besuch unserer Facebook-Seite ist auch m\u00f6glich, wenn Sie Ihren Browser so konfigurieren, dass keine Cookies von der Plattform Facebook gespeichert werden. Informationen dar\u00fcber, wie Sie die Einstellungen f\u00fcr Cookies in Ihrem Browser anpassen, finden Sie \u00fcblicherweise im Hilfe-Bereich des von Ihnen genutzten Browsers.<\/p>\n\n\n\n<p>Wenn Sie bei der Plattform Facebook registriert bzw. angemeldet sind und vermeiden m\u00f6chten, dass Facebook Ireland den Besuch unserer Facebook-Seite mit Ihrem Nutzerkonto in Verbindung bringen kann, sollten Sie sich bei Facebook abmelden bzw. die Funktion &#8222;angemeldet bleiben&#8220; deaktivieren, die auf Ihrem Ger\u00e4t vorhandenen Cookies l\u00f6schen und Ihren Browser beenden und neu starten.<\/p>\n\n\n\n<p>Facebook Ireland hat uns gegen\u00fcber versichert, dass f\u00fcr die von uns genutzten Seitenstatistiken keine personenbezogenen Daten verwendet werden, die unmittelbar aus Cookie-Informationen erstellt werden.<\/p>\n\n\n\n<h5>Datenverarbeitung bei Interaktionen auf unserer Facebook-Seite<\/h5>\n\n\n\n<p>Unsere Facebook-Seite bietet Ihnen die M\u00f6glichkeit, auf unsere Beitr\u00e4ge zu reagieren, diese zu kommentieren, selbst einen Beitrag zu erstellen und uns private Nachrichten zu schicken. Bitte pr\u00fcfen Sie sorgf\u00e4ltig, welche personenbezogenen Daten Sie mit uns \u00fcber Facebook teilen. Wenn Sie vermeiden m\u00f6chten, dass Facebook von Ihnen an uns \u00fcbermittelte pers\u00f6nliche Daten verarbeitet, nehmen Sie bitte auf anderem Wege Kontakt mit uns auf.<\/p>\n\n\n\n<p><strong>Beitrag zur Entscheidung \u00fcber Mittel und Zwecke der Verarbeitung<br><\/strong> Wir haben keinen Einfluss auf die Erstellung von Seitenstatistiken und<br> k\u00f6nnen deren Erzeugung beim Betrieb unserer Facebook-Seite nicht<br> verhindern. Insbesondere erfolgt keine Parametrierung oder sonstige<br> Anweisung unsererseits gegen\u00fcber Facebook Ireland,<br> personenbezogene Daten f\u00fcr die Erstellung von Seitenstatistiken in einer<br> bestimmten Art und Weise zu verarbeiten. In der Vereinbarung bez\u00fcglich<br> des Verantwortlichen wurde bestimmt, dass nur Facebook Ireland<br> Entscheidungen hinsichtlich der Verarbeitung von Insights-Daten treffen<br> und umsetzen kann. Unser Beitrag zur Entscheidung \u00fcber die Mittel und<br> Zwecke der Verarbeitung von Insights-Daten beschr\u00e4nkt sich daher auf<br> die Ziele der Steuerung oder F\u00f6rderung unserer T\u00e4tigkeiten im<br> Zusammenhang mit dem Betrieb unserer Facebook-Seite, zu deren<br> Zweck wir die uns durch Facebook Ireland bereitgestellten und auf<br> Insights-Daten beruhenden Seitenstatistiken auswerten k\u00f6nnen.<\/p>\n\n\n\n<p><strong>Umfang der Datenverarbeitung<br><\/strong> Facebook Ireland erkl\u00e4rt in den <a href=\"https:\/\/www.facebook.com\/legal\/terms\/information_about_page_insights_data\">Informationen zu Seiten-Insights-Daten<\/a>,<br> welche Daten f\u00fcr die Erstellung der von uns genutzten Seitenstatistiken<br> verwendet werden. Grunds\u00e4tzlich werden uns diese Daten nur in<br> anonymisierter Form zur Verf\u00fcgung gestellt. Wenn Sie Ihre \u201eGef\u00e4llt mir\u201c-<br> Angaben f\u00fcr Seiten auf \u201e\u00f6ffentlich\u201c eingestellt haben, k\u00f6nnen wir diese<br> Angabe allerdings ggf. Ihrem Profil zuordnen. Auf Grundlage der<br> vorgenannten Informationen (\u201eInsights-Daten\u201d) stellt uns Facebook<br> Ireland Seitenstatistiken (\u201eSeiten-Insights\u201d) bereit. Den genauen Inhalt<br> der Seitenstatistiken und die dabei verf\u00fcgbaren Ansichten k\u00f6nnen Sie<br> den Erl\u00e4uterungen zu den <a href=\"https:\/\/www.facebook.com\/business\/a\/page\/page-insights\">Seitenstatistiken<\/a> entnehmen. Ein Wechsel der<br> dort aufgef\u00fchrten Ansichten f\u00fchrt nach Angabe von Facebook Ireland<br> nicht zu einer zus\u00e4tzlichen Datenverarbeitung. Die Seitenstatistiken<br> werden von uns nur im Rahmen der durch Facebook Ireland<br> bereitgestellten und f\u00fcr uns verf\u00fcgbaren oben genannten Funktionen<br> genutzt. Es erfolgt keine \u00dcbertragung oder sonstige weitergehende<br> Verarbeitung dieser Daten.<br> <\/p>\n\n\n\n<p>Facebook Ireland hat uns gegen\u00fcber erkl\u00e4rt, dass Seitenstatistiken keine<br> Informationen \u00fcber Personen zeigen, die nicht bei der Plattform<br> Facebook registriert bzw. angemeldet sind<\/p>\n\n\n\n<p><strong>Rechtsgrundlage der Datenverarbeitung<br><\/strong> Wir gehen davon aus, dass die Verarbeitung von \u201eInsights-Daten\u201d durch<br> Facebook Ireland zur Bereitstellung der von uns genutzten<br> Seitenstatistiken (\u201eSeiten-Insights\u201d) im Rahmen der Erf\u00fcllung<br> vertraglicher Dienste im Zusammenhang mit dem zwischen Facebook<br> Ireland und der betroffenen Person geschlossenen Vertrag \u00fcber die<br> <a href=\"https:\/\/www.facebook.com\/legal\/terms\/update\">Nutzungsbedingungen<\/a> der Plattform Facebook gem\u00e4\u00df Art. 6 Abs. 1 S. 1<br> lit. b DSGVO erfolgt. Im Falle von beschr\u00e4nkt gesch\u00e4ftsf\u00e4higen Personen<br> gehen wir davon aus, dass Facebook Ireland die Verarbeitung zur<br> Wahrung eines berechtigten Interesses gem\u00e4\u00df Art. 6 Abs. 1 S. 1 lit. f<br> DSGVO durchf\u00fchren darf. Eine \u00dcbersicht der von Facebook Ireland in<br> diesem Zusammenhang angef\u00fchrten Interessen und weitere<br> Informationen zu deren Rechtsgrundlagen finden sie <a href=\"https:\/\/www.facebook.com\/about\/privacy\/legal_bases\">hier<\/a>.<br> <\/p>\n\n\n\n<p>Wir verarbeiten die uns bereitgestellten Seitenstatistiken zur Wahrung<br> unserer im Rahmen einer Interessenabw\u00e4gung \u00fcberwiegenden<br> berechtigten Interessen an der Verbesserung unseres Informationsangebots gem\u00e4\u00df Art. 6 Abs. 1 S. 1 lit. f DSGVO. Es werden von uns nur<br> Daten von Personen verarbeitet, die den Nutzungsbedingungen und der<br> Datenrichtlinie von Facebook Ireland im Rahmen Ihrer Registrierung bei<br> der Plattform Facebook zugestimmt haben. In der Datenrichtlinie von<br> Facebook Ireland wird auf die Absicht dieser Verarbeitung unter dem<br> Punkt \u201ePartner, die unsere Analysedienste nutzen\u201d hingewiesen. <\/p>\n\n\n\n<p><strong>Zweck der Datenverarbeitung<br><\/strong> Der Zweck der Verarbeitung der vorgenannten \u201eInsights-Daten\u201d ist die<br> Erstellung von Seitenstatistiken (\u201eSeiten-Insights\u201d). Diese Seitenstatistiken werden ggf. von uns ausgewertet, um zu verstehen, wie<br> Besucher mit unserer Facebook-Seite interagieren und dienen damit der<br> Verbesserung des Informationsangebots f\u00fcr Besucher unserer<br> Facebook-Seite. Die Seitenstatistiken werden von uns genutzt, um<br> Trends nachzuvollziehen. Wir verwenden Seitenstatistiken nicht dazu,<br> um R\u00fcckschl\u00fcsse auf einzelne Personen zu ziehen.<br> In diesen Zwecken liegt auch unser berechtigtes Interesse an der<br> Datenverarbeitung nach Art. 6 Abs. 1 S. 1 lit. f DSGVO.<\/p>\n\n\n\n<p><strong>Dauer der Datenspeicherung<br><\/strong> Die von uns genutzten Seitenstatistiken umfassen Insights-Daten f\u00fcr<br> einen Zeitraum von zwei Jahren und werden von von uns danach nicht<br> weiterverarbeitet. Sofern eine weitergehende Speicherung dieser Daten<br> durch Facebook Ireland erfolgt, richtet diese sich ausschlie\u00dflich nach den<br> Bestimmungen in deren Datenrichtlinie und Nutzungsbedingungen.<\/p>\n\n\n\n<h4>Rechte der betroffenen Person<\/h4>\n\n\n\n<p>Die DSGVO r\u00e4umt betroffenen Personen umfangreiche Rechte ein, die diese gegen\u00fcber<br> dem Verantwortlichen geltend machen k\u00f6nnen. Diese Rechte umfassen:<br> \u25cb Auskunftsrecht gem\u00e4\u00df Art. 15 DSGVO<br> \u25cb Recht auf Berichtigung gem\u00e4\u00df Art. 16 DSGVO<br> \u25cb Recht auf L\u00f6schung gem\u00e4\u00df Art. 17 DSGVO<br> \u25cb Recht auf Einschr\u00e4nkung der Verarbeitung gem\u00e4\u00df Art. 18 DSGVO<br> \u25cb Recht auf Unterrichtung gem\u00e4\u00df Art. 19 DSGVO<br> \u25cb Recht auf Daten\u00fcbertragbarkeit gem\u00e4\u00df Art. 20 DSGVO<br> \u25cb Recht auf Widerruf erteilter Einwilligungen gem\u00e4\u00df Art. 7 Abs. 3 DSGVO<br> \u25cb Recht auf Beschwerde bei einer Aufsichtsbeh\u00f6rde gem\u00e4\u00df Art. 77 DSGVO<br> Sofern Ihre vorgenannten Rechte Verarbeitungen betreffen, die Gegenstand unserer<br> Verantwortung sind, k\u00f6nnen Sie diese gegen\u00fcber uns geltend machen. F\u00fcr die<br> Geltendmachung von Rechten hinsichtlich dar\u00fcberhinausgehender Verarbeitungen<br> wenden Sie sich bitte an Facebook Ireland.<\/p>\n\n\n\n<h4>Widerspruchsrecht<\/h4>\n\n\n\n<p>WENN WIR IM RAHMEN EINER INTERESSENABW\u00c4GUNG IHRE<br>\nPERSONENBEZOGENEN DATEN AUFGRUND UNSERES \u00dcBERWIEGENDEN<br>\nBERECHTIGTEN INTERESSES VERARBEITEN, HABEN SIE DAS JEDERZEITIGE<br>\nRECHT, AUS GR\u00dcNDEN, DIE SICH AUS IHRER BESONDEREN SITUATION<br>\nERGEBEN, GEGEN DIESE VERARBEITUNG WIDERSPRUCH MIT WIRKUNG F\u00dcR<br>\nDIE ZUKUNFT EINZULEGEN.<br>\nMACHEN SIE VON IHREM WIDERSPRUCHSRECHT GEBRAUCH, BEENDEN WIR<br>\nDIE VERARBEITUNG DER BETROFFENEN DATEN. EINE WEITERVERARBEITUNG<br>\nBLEIBT ABER VORBEHALTEN, WENN WIR ZWINGENDE SCHUTZW\u00dcRDIGE<br>\nGR\u00dcNDE F\u00dcR DIE VERARBEITUNG NACHWEISEN K\u00d6NNEN, DIE IHRE<br>\nINTERESSEN, GRUNDRECHTE UND GRUNDFREIHEITEN \u00dcBERWIEGEN, ODER<br>\nWENN DIE VERARBEITUNG DER GELTENDMACHUNG, AUS\u00dcBUNG ODER<br>\nVERTEIDIGUNG VON RECHTSANSPR\u00dcCHEN DIENT.<br>\nWERDEN IHRE PERSONENBEZOGENEN DATEN VON UNS VERARBEITET, UM<br>\nDIREKTWERBUNG ZU BETREIBEN, HABEN SIE DAS RECHT, JEDERZEIT<br>\nWIDERSPRUCH GEGEN DIE VERARBEITUNG SIE BETREFFENDER<br>\nPERSONENBEZOGENER DATEN ZUM ZWECKE DERARTIGER WERBUNG<br>\nEINZULEGEN. SIE K\u00d6NNEN DEN WIDERSPRUCH WIE OBEN BESCHRIEBEN<br>\nAUS\u00dcBEN.<br>\nMACHEN SIE VON IHREM WIDERSPRUCHSRECHT GEBRAUCH, BEENDEN WIR<br>\nDIE VERARBEITUNG DER BETROFFENEN DATEN ZU DIREKTWERBEZWECKEN.<\/p>\n","protected":false},"excerpt":{"rendered":"<p>\u00dcber diese Seite Die Adresse dieser Website lautet: https:\/\/patrick-nepper.de. Welche personenbezogenen Daten wir sammeln und warum wir sie sammeln Kommentare Wenn Besucher Kommentare auf der Website schreiben, sammeln wir die&#8230; <\/p>\n","protected":false},"author":1,"featured_media":0,"parent":0,"menu_order":0,"comment_status":"closed","ping_status":"closed","template":"","meta":[],"_links":{"self":[{"href":"https:\/\/patrick-nepper.de\/index.php?rest_route=\/wp\/v2\/pages\/16"}],"collection":[{"href":"https:\/\/patrick-nepper.de\/index.php?rest_route=\/wp\/v2\/pages"}],"about":[{"href":"https:\/\/patrick-nepper.de\/index.php?rest_route=\/wp\/v2\/types\/page"}],"author":[{"embeddable":true,"href":"https:\/\/patrick-nepper.de\/index.php?rest_route=\/wp\/v2\/users\/1"}],"replies":[{"embeddable":true,"href":"https:\/\/patrick-nepper.de\/index.php?rest_route=%2Fwp%2Fv2%2Fcomments&post=16"}],"version-history":[{"count":4,"href":"https:\/\/patrick-nepper.de\/index.php?rest_route=\/wp\/v2\/pages\/16\/revisions"}],"predecessor-version":[{"id":58,"href":"https:\/\/patrick-nepper.de\/index.php?rest_route=\/wp\/v2\/pages\/16\/revisions\/58"}],"wp:attachment":[{"href":"https:\/\/patrick-nepper.de\/index.php?rest_route=%2Fwp%2Fv2%2Fmedia&parent=16"}],"curies":[{"name":"wp","href":"https:\/\/api.w.org\/{rel}","templated":true}]}}