{"id":143,"date":"2020-03-07T12:43:59","date_gmt":"2020-03-07T12:43:59","guid":{"rendered":"https:\/\/patrick-nepper.de\/?page_id=143"},"modified":"2022-02-19T20:30:44","modified_gmt":"2022-02-19T20:30:44","slug":"zur-person","status":"publish","type":"page","link":"https:\/\/patrick-nepper.de\/?page_id=143","title":{"rendered":"Zur Person"},"content":{"rendered":"\n<p>Ich bin geb\u00fcrtiger Traunsteiner und lebe mit meiner Frau und meinen drei Kindern (2 Jahre, 5 Jahre, 9 Jahre) in Traunstein. Ich bin promovierter Informatiker und arbeite seit 2011 als Produkt Manager bei Google in M\u00fcnchen &#8211; dazu geh\u00f6rte vor der Pandemie auch \u00fcberwiegend t\u00e4gliches Pendeln mit dem Zug.<\/p>\n\n\n\n<h4 id=\"mein-engagement-in-traunstein\">Mein Engagement in Traunstein<\/h4>\n\n\n\n<ul><li>Seit 2020: <strong>Stadtrat<\/strong> und <strong>Stadtratsreferent<\/strong> f\u00fcr Umwelt, Regionalit\u00e4t und Nachhaltigkeit<\/li><li>Seit 2019: Mitinitiator und aktives Gr\u00fcndungsmitglied des <strong><a href=\"https:\/\/www.traunstein-bicycle-club.de\">Traunstein Bicycle Club<\/a><\/strong> (Slow Roll), Traunstein<\/li><li>Seit 2021: Stellvertretender Vorstandsvorsitzender des <strong>F\u00f6rdervereins der KinderG\u00e4rtnerei St. Oswald in Traunstein e.V.<\/strong><\/li><li>2020-2021: Vorstandsvorsitzender des <strong>F\u00f6rdervereins des Kindergarten St. Oswald in Traunstein e.V.<\/strong><\/li><li>2018-2020: Stellvertretender Vorstandsvorsitzender und Gr\u00fcndungsmitglied des <strong>F\u00f6rdervereins des Kindergarten St. Oswald<\/strong> <strong>in Traunstein e.V.<\/strong> <\/li><li>2018-2020: Beisitzer im <strong>Ortsvorstand<\/strong> von <strong>B\u00dcNDNIS 90\/DIE GR\u00dcNEN<\/strong>, Traunstein<\/li><li>Seit 2017: Mitglied im Ortsverband von <strong>B\u00dcNDNIS 90\/DIE GR\u00dcNEN<\/strong>, Traunstein<\/li><li>2000-2001: Zivildienst in der <strong>ambulanten Kranken- und Altenpflege<\/strong>, Diakonie Traunstein<\/li><li>1999-2000: Leitung des <strong>Offenen Jugendtreffs &#8222;Saftladen&#8220;<\/strong> im Team, Pfarrei St. Oswald, Traunstein<\/li><\/ul>\n\n\n\n<h4 id=\"mein-beruflicher-werdegang\">Mein beruflicher Werdegang<\/h4>\n\n\n\n<p>Mit 17 Jahren gr\u00fcndete ich zum ersten mal ein Gewerbe in Traunstein. Mit einem Freund zusammen gestalteten wir Internet Auftritte f\u00fcr regionale Unternehmen. Nach dem Abschluss des Abiturs am Johannes-Heidenhain-Gymnasium studierte ich Diplom-Informatik an der Ludwig-Maximilians-Universit\u00e4t in M\u00fcnchen, sowie Technology Management am Center for Digital Technology and Management (CDTM), M\u00fcnchen. W\u00e4hrend des Studiums sammelte ich Berufserfahrung als Softwareentwickler und Strategieberater und verbrachte ein Auslandssemester in Barcelona.<\/p>\n\n\n\n<p>Nach dem Abschluss des Studiums wechselte ich in das Management Team des CDTM, einer Gemeinschaftseinrichtung von LMU und TU M\u00fcnchen, und unterst\u00fctzte dort \u00fcber mehrere Jahre junge Studierende und Start-Ups in Gr\u00fcndungsfragen, Trendforschung und Produktentwicklung. Am CDTM  lernte ich auch das Team kennen, mit dem ich dann 2007 zum zweiten Mal gr\u00fcndete.<\/p>\n\n\n\n<p>2011 wechselte ich als Produkt Manager zu Google und bin dort seither f\u00fcr Produktentwicklung rund um den Internetbrowser Chrome verantwortlich. Seit 2020 leite ich ein internationales Team von Produkt Manager*innen. 2019 wurde ich vom American Council on Germany (amerikanische Partnerorganisation der Altantik Br\u00fccke), als Teilnehmer f\u00fcr die Young Leaders Conference 2019 ausgew\u00e4hlt.<\/p>\n\n\n\n<h2 id=\"curriculum-vitae\">Curriculum Vitae<\/h2>\n\n\n\n<h3 id=\"beruflicher-werdegang\">Beruflicher Werdegang<\/h3>\n\n\n\n<figure class=\"wp-block-table\"><table><tbody><tr><td>Seit 2011<\/td><td><strong>Produkt Manager,<\/strong> <strong>Google<\/strong>, M\u00fcnchen<\/td><\/tr><tr><td>2006-2010<\/td><td>Mitglied des Management Teams, Center for Digital Technology and Management (CDTM), M\u00fcnchen (<strong>Startup F\u00f6rderung<\/strong>)<\/td><\/tr><tr><td>2008-2010<\/td><td><strong>Gr\u00fcnder<\/strong> und Gesch\u00e4ftsf\u00fchrer, AllMyShots GmbH, M\u00fcnchen<\/td><\/tr><tr><td>2007-2008<\/td><td>Gr\u00fcnder und Gesch\u00e4ftsf\u00fchrer, AllMyShots Ltd. &amp; Co KG, M\u00fcnchen<\/td><\/tr><tr><td>2005<\/td><td><strong>Softwareentwickler<\/strong>, Software Design and Management (<strong>sd&amp;m<\/strong>), M\u00fcnchen<\/td><\/tr><tr><td>2004-2005<\/td><td><strong>Softwareentwickler<\/strong>, <strong>Siemens<\/strong> Information and Communication Mobile, M\u00fcnchen<\/td><\/tr><tr><td>2004<\/td><td>Praktikum und Freelancer, <strong>Solon Management Consulting<\/strong>, M\u00fcnchen<\/td><\/tr><tr><td>2001-2002<\/td><td>Werkstudent, Center for Information and Language Processing (CIS), M\u00fcnchen<\/td><\/tr><tr><td>2000-2001<\/td><td>Zivildienst, <strong>Ambulante Kranken- und Altenpflege<\/strong>, Diakonie Traunstein<\/td><\/tr><tr><td>1997-2001<\/td><td><strong>Gr\u00fcnder<\/strong>, Web Access GbR, Traunstein<\/td><\/tr><\/tbody><\/table><\/figure>\n\n\n\n<h3 id=\"akademischer-werdegang\">Akademischer Werdegang<\/h3>\n\n\n\n<figure class=\"wp-block-table\"><table><tbody><tr><td>2006-2011<\/td><td>Promotionstudium, <strong>Doktor der Naturwissenschaften<\/strong> (Dr. rer. nat.), Technische Universit\u00e4t  M\u00fcnchen (<strong>TUM<\/strong>)<\/td><\/tr><tr><td>2004-2005<\/td><td><strong>Auslandsstudium<\/strong>, Enginyeria Inform\u00e0tica, Universitat Aut\u00f2noma de Barcelona (UAB), Spanien<\/td><\/tr><tr><td>2003-2005<\/td><td>Zusatzstudium, <strong>Technology Management<\/strong>, CDTM M\u00fcnchen<\/td><\/tr><tr><td>2001-2006<\/td><td>Studium der <strong>Diplom-Informatik<\/strong>, Ludwig-Maximilians-Universit\u00e4t (<strong>LMU<\/strong>), M\u00fcnchen<\/td><\/tr><tr><td>2000<\/td><td><strong>Abitur<\/strong> Johannes-Heidenhain-Gymnasium, Traunreut<\/td><\/tr><\/tbody><\/table><\/figure>\n\n\n\n<h3 id=\"ehrenamtliches-engagement\">Ehrenamtliches Engagement<\/h3>\n\n\n\n<figure class=\"wp-block-table\"><table><tbody><tr><td>Seit 2021<\/td><td>Stellvertretender Vorstandsvorsitzender des <strong>F\u00f6rdervereins der KinderG\u00e4rtnerei St. Oswald in Traunstein e.V.<\/strong><\/td><\/tr><tr><td>2020-2021<\/td><td>Vorstandsvorsitzender des <strong>F\u00f6rdervereins des Kindergarten St. Oswald in Traunstein e.V.<\/strong><\/td><\/tr><tr><td>2018-2020<\/td><td>Stellvertretender Vorstandsvorsitzender und Gr\u00fcndungsmitglied des <strong>F\u00f6rdervereins des Kindergarten St. Oswald<\/strong> <strong>in Traunstein e.V.<\/strong><\/td><\/tr><tr><td>2002-2003<\/td><td>Heimrat, Studentische Selbstverwaltung, <strong>Studentenwohnheim Willi Graf e.V.<\/strong><\/td><\/tr><tr><td>1999-2000<\/td><td>Leitung, <strong>Offener Jugendtreff &#8222;Saftladen&#8220;<\/strong>, Pfarrei St. Oswald, Traunstein<\/td><\/tr><\/tbody><\/table><\/figure>\n\n\n\n<h2 id=\"politischer-werdegang\">Politischer Werdegang<\/h2>\n\n\n\n<figure class=\"wp-block-table\"><table><tbody><tr><td>Seit 2020<\/td><td><strong>Stadtrat<\/strong> und <strong>Stadtratsreferent<\/strong> f\u00fcr Umwelt, Regionalit\u00e4t und Nachhaltigkeit<\/td><\/tr><tr><td>Seit 2019<\/td><td>Mitinitiator und aktives Gr\u00fcndungsmitglied, <strong>Traunstein Bicycle Club<\/strong> (Slow Roll), Traunstein<\/td><\/tr><tr><td>2019<\/td><td>Young Leaders Conference 2019, <strong>American Council on Germany<\/strong> (ACG), Deutsche Delegation, Berlin<\/td><\/tr><tr><td>2018-2020<\/td><td>Beisitzer im <strong>Ortsvorstand<\/strong> von <strong>B\u00dcNDNIS 90\/DIE GR\u00dcNEN<\/strong>, Traunstein<\/td><\/tr><tr><td>Seit 2017<\/td><td>Mitglied im Ortsverband von <strong>B\u00dcNDNIS 90\/DIE GR\u00dcNEN<\/strong>, Traunstein<\/td><\/tr><tr><td>2005<\/td><td>BRIGHT &#8211; European Students Conference, Deutsche Delegation, Leuven<\/td><\/tr><\/tbody><\/table><\/figure>\n\n\n\n<p><\/p>\n","protected":false},"excerpt":{"rendered":"<p>Ich bin geb\u00fcrtiger Traunsteiner und lebe mit meiner Frau und meinen drei Kindern (2 Jahre, 5 Jahre, 9 Jahre) in Traunstein. Ich bin promovierter Informatiker und arbeite seit 2011 als&#8230; <\/p>\n","protected":false},"author":1,"featured_media":0,"parent":0,"menu_order":0,"comment_status":"closed","ping_status":"closed","template":"","meta":[],"_links":{"self":[{"href":"https:\/\/patrick-nepper.de\/index.php?rest_route=\/wp\/v2\/pages\/143"}],"collection":[{"href":"https:\/\/patrick-nepper.de\/index.php?rest_route=\/wp\/v2\/pages"}],"about":[{"href":"https:\/\/patrick-nepper.de\/index.php?rest_route=\/wp\/v2\/types\/page"}],"author":[{"embeddable":true,"href":"https:\/\/patrick-nepper.de\/index.php?rest_route=\/wp\/v2\/users\/1"}],"replies":[{"embeddable":true,"href":"https:\/\/patrick-nepper.de\/index.php?rest_route=%2Fwp%2Fv2%2Fcomments&post=143"}],"version-history":[{"count":8,"href":"https:\/\/patrick-nepper.de\/index.php?rest_route=\/wp\/v2\/pages\/143\/revisions"}],"predecessor-version":[{"id":293,"href":"https:\/\/patrick-nepper.de\/index.php?rest_route=\/wp\/v2\/pages\/143\/revisions\/293"}],"wp:attachment":[{"href":"https:\/\/patrick-nepper.de\/index.php?rest_route=%2Fwp%2Fv2%2Fmedia&parent=143"}],"curies":[{"name":"wp","href":"https:\/\/api.w.org\/{rel}","templated":true}]}}